{"id":78,"date":"2025-08-04T22:16:12","date_gmt":"2025-08-04T20:16:12","guid":{"rendered":"https:\/\/fabis.wordpress.playground.nachtigallenweg.de\/?page_id=78"},"modified":"2025-08-08T22:20:12","modified_gmt":"2025-08-08T20:20:12","slug":"ueber-uns","status":"publish","type":"page","link":"https:\/\/fabis.wordpress.playground.nachtigallenweg.de\/?page_id=78","title":{"rendered":"\u00dcber uns"},"content":{"rendered":"\n<div class=\"wp-block-group alignfull has-accent-background-color has-background\" style=\"margin-top:0;margin-bottom:0;padding-top:var(--wp--preset--spacing--50);padding-right:var(--wp--preset--spacing--50);padding-bottom:var(--wp--preset--spacing--50);padding-left:var(--wp--preset--spacing--50)\"><div class=\"wp-block-group__inner-container is-layout-constrained wp-container-core-group-is-layout-2bafd31c wp-block-group-is-layout-constrained\">\n<div class=\"wp-block-group\" style=\"min-height:100%\"><div class=\"wp-block-group__inner-container is-layout-constrained wp-block-group-is-layout-constrained\">\n<h2 class=\"wp-block-heading\">B\u00fcrgerverein Lehmheide \/ &#8222;Henger dem Bahndamm&#8220;<\/h2>\n\n\n\n<div class=\"wp-block-cover alignfull wp-duotone-unset-1\"><img loading=\"lazy\" decoding=\"async\" width=\"1024\" height=\"682\" class=\"wp-block-cover__image-background wp-image-169\" alt=\"\" src=\"https:\/\/fabis.wordpress.playground.nachtigallenweg.de\/wp-content\/uploads\/2025\/08\/MG_9819_reduziert-1024x682.jpg\" data-object-fit=\"cover\" srcset=\"https:\/\/fabis.wordpress.playground.nachtigallenweg.de\/wp-content\/uploads\/2025\/08\/MG_9819_reduziert-1024x682.jpg 1024w, https:\/\/fabis.wordpress.playground.nachtigallenweg.de\/wp-content\/uploads\/2025\/08\/MG_9819_reduziert-300x200.jpg 300w, https:\/\/fabis.wordpress.playground.nachtigallenweg.de\/wp-content\/uploads\/2025\/08\/MG_9819_reduziert-768x512.jpg 768w, https:\/\/fabis.wordpress.playground.nachtigallenweg.de\/wp-content\/uploads\/2025\/08\/MG_9819_reduziert-1536x1024.jpg 1536w, https:\/\/fabis.wordpress.playground.nachtigallenweg.de\/wp-content\/uploads\/2025\/08\/MG_9819_reduziert.jpg 2000w\" sizes=\"auto, (max-width: 1024px) 100vw, 1024px\" \/><span aria-hidden=\"true\" class=\"wp-block-cover__background has-white-background-color has-background-dim-30 has-background-dim\"><\/span><div class=\"wp-block-cover__inner-container is-layout-flow wp-block-cover-is-layout-flow\">\n<p class=\"has-text-align-center has-large-font-size\"><strong>Unser Ziel<\/strong><\/p>\n\n\n\n<p class=\"has-text-align-center has-medium-font-size\">Unser Bezirk soll weiterhin liebenswert, b\u00fcrgerfreundlich und vor allem auch sauber bleiben!<\/p>\n\n\n\n<p class=\"has-text-align-center has-medium-font-size\">Dazu ben\u00f6tigen wir die Unterst\u00fctzung aller B\u00fcrger unseres Stadtbezirkes!<\/p>\n<\/div><\/div>\n\n\n\n<p><\/p>\n\n\n\n<h3 class=\"wp-block-heading\">Wer sind wir?<\/h3>\n\n\n\n<p>\u00dcber XXX B\u00fcrger:innen aus dem Krefelder S\u00fcd-West Bezirk &#8211; \u00fcberparteilich, engagiert und kompetent<\/p>\n\n\n\n<h3 class=\"wp-block-heading\">&#8222;Einzugsgebiet&#8220; + Karte erg\u00e4nzen<\/h3>\n\n\n\n<p>kurze Erl\u00e4uterung hierzu!<\/p>\n\n\n\n<h3 class=\"wp-block-heading\">Was macht der B\u00fcrgerverein Lehmheide?<\/h3>\n\n\n\n<ul class=\"wp-block-list\">\n<li>Er vertritt die Interessen der B\u00fcrgerinnen und B\u00fcrger von Lehmheide<\/li>\n\n\n\n<li class=\"has-system-serif-font-family\">Er pflegt die Kontakte mit Vereinen, Kirchen, politischen Gremien und Interessengemeinschaften<\/li>\n\n\n\n<li class=\"has-system-serif-font-family\">Er bringt die berechtigten Anliegen der B\u00fcrger bei den st\u00e4dtischen Gremien ein (Bezirksvertretung, Verwaltung, Stadtrat)<\/li>\n\n\n\n<li class=\"has-system-serif-font-family\">Er pflegt das Brauchtum und die Geselligkeit<\/li>\n\n\n\n<li class=\"has-system-serif-font-family\">Er f\u00f6rdert das Miteinander und F\u00fcreinander der B\u00fcrgerinnen und B\u00fcrger unseres Bezirks<\/li>\n\n\n\n<li class=\"has-system-serif-font-family\">Er organisiert Ausfl\u00fcge, B\u00fcrgerfeste, Informationsveranstaltungen<\/li>\n<\/ul>\n\n\n\n<h3 class=\"wp-block-heading\">Unsere Aktivit\u00e4ten<\/h3>\n\n\n\n<ul class=\"wp-block-list\">\n<li class=\"has-system-serif-font-family\">Organisation des St. Martinszuges<\/li>\n\n\n\n<li class=\"has-system-serif-font-family\">Ausfl\u00fcge f\u00fcr Mitglieder und Freunde<\/li>\n\n\n\n<li class=\"has-system-serif-font-family\">B\u00fcrgerfeste<\/li>\n\n\n\n<li class=\"has-system-serif-font-family\">Skatturniere<\/li>\n\n\n\n<li class=\"has-system-serif-font-family\">Neujahrstreff<\/li>\n\n\n\n<li class=\"has-system-serif-font-family\">Adventskaffeetrinken<\/li>\n\n\n\n<li class=\"has-system-serif-font-family\">Interessenvertretung f\u00fcr Lehmheide<\/li>\n\n\n\n<li class=\"has-system-serif-font-family\">Informationsveranstaltungen f\u00fcr B\u00fcrger<\/li>\n\n\n\n<li class=\"has-system-serif-font-family\">Direkter Kontakt zur Bezirksvertretung<\/li>\n\n\n\n<li class=\"has-system-serif-font-family\">Und vieles andere mehr<\/li>\n<\/ul>\n<\/div><\/div>\n<\/div><\/div>\n","protected":false},"excerpt":{"rendered":"<p>B\u00fcrgerverein Lehmheide \/ &#8222;Henger dem Bahndamm&#8220; Wer sind wir? \u00dcber XXX B\u00fcrger:innen aus dem Krefelder S\u00fcd-West Bezirk &#8211; \u00fcberparteilich, engagiert und kompetent &#8222;Einzugsgebiet&#8220; + Karte erg\u00e4nzen kurze Erl\u00e4uterung hierzu! Was macht der B\u00fcrgerverein Lehmheide? Unsere Aktivit\u00e4ten<\/p>\n","protected":false},"author":1,"featured_media":0,"parent":0,"menu_order":0,"comment_status":"closed","ping_status":"closed","template":"","meta":{"footnotes":""},"class_list":["post-78","page","type-page","status-publish","hentry","entry"],"_links":{"self":[{"href":"https:\/\/fabis.wordpress.playground.nachtigallenweg.de\/index.php?rest_route=\/wp\/v2\/pages\/78","targetHints":{"allow":["GET"]}}],"collection":[{"href":"https:\/\/fabis.wordpress.playground.nachtigallenweg.de\/index.php?rest_route=\/wp\/v2\/pages"}],"about":[{"href":"https:\/\/fabis.wordpress.playground.nachtigallenweg.de\/index.php?rest_route=\/wp\/v2\/types\/page"}],"author":[{"embeddable":true,"href":"https:\/\/fabis.wordpress.playground.nachtigallenweg.de\/index.php?rest_route=\/wp\/v2\/users\/1"}],"replies":[{"embeddable":true,"href":"https:\/\/fabis.wordpress.playground.nachtigallenweg.de\/index.php?rest_route=%2Fwp%2Fv2%2Fcomments&post=78"}],"version-history":[{"count":5,"href":"https:\/\/fabis.wordpress.playground.nachtigallenweg.de\/index.php?rest_route=\/wp\/v2\/pages\/78\/revisions"}],"predecessor-version":[{"id":172,"href":"https:\/\/fabis.wordpress.playground.nachtigallenweg.de\/index.php?rest_route=\/wp\/v2\/pages\/78\/revisions\/172"}],"wp:attachment":[{"href":"https:\/\/fabis.wordpress.playground.nachtigallenweg.de\/index.php?rest_route=%2Fwp%2Fv2%2Fmedia&parent=78"}],"curies":[{"name":"wp","href":"https:\/\/api.w.org\/{rel}","templated":true}]}}