{"id":34,"date":"2025-08-04T20:57:24","date_gmt":"2025-08-04T18:57:24","guid":{"rendered":"https:\/\/fabis.wordpress.playground.nachtigallenweg.de\/?page_id=34"},"modified":"2025-08-09T21:39:02","modified_gmt":"2025-08-09T19:39:02","slug":"34-2","status":"publish","type":"page","link":"https:\/\/fabis.wordpress.playground.nachtigallenweg.de\/?page_id=34","title":{"rendered":"Vorstand"},"content":{"rendered":"<h1 class=\"wp-block-post-title\">Vorstand<\/h1>\n\n\n<div class=\"wp-block-group alignfull\" style=\"margin-top:0;margin-bottom:0;padding-top:var(--wp--preset--spacing--50);padding-right:var(--wp--preset--spacing--50);padding-bottom:var(--wp--preset--spacing--50);padding-left:var(--wp--preset--spacing--50)\"><div class=\"wp-block-group__inner-container is-layout-constrained wp-container-core-group-is-layout-2bafd31c wp-block-group-is-layout-constrained\">\n<div style=\"height:0.67rem;width:0px\" aria-hidden=\"true\" class=\"wp-block-spacer\"><\/div>\n\n\n\n<div class=\"wp-block-columns alignwide is-layout-flex wp-container-core-columns-is-layout-d8280152 wp-block-columns-is-layout-flex\" style=\"padding-right:0;padding-left:0\">\n<div class=\"wp-block-column is-vertically-aligned-top is-layout-flow wp-block-column-is-layout-flow\">\n<figure class=\"wp-block-image size-full is-style-rounded\"><img loading=\"lazy\" decoding=\"async\" width=\"2560\" height=\"1707\" src=\"https:\/\/fabis.wordpress.playground.nachtigallenweg.de\/wp-content\/uploads\/2025\/08\/MG_7209_reduziert-scaled.jpg\" alt=\"\" class=\"wp-image-159\" style=\"aspect-ratio:1;object-fit:cover\" srcset=\"https:\/\/fabis.wordpress.playground.nachtigallenweg.de\/wp-content\/uploads\/2025\/08\/MG_7209_reduziert-scaled.jpg 2560w, https:\/\/fabis.wordpress.playground.nachtigallenweg.de\/wp-content\/uploads\/2025\/08\/MG_7209_reduziert-300x200.jpg 300w, https:\/\/fabis.wordpress.playground.nachtigallenweg.de\/wp-content\/uploads\/2025\/08\/MG_7209_reduziert-1024x683.jpg 1024w, https:\/\/fabis.wordpress.playground.nachtigallenweg.de\/wp-content\/uploads\/2025\/08\/MG_7209_reduziert-768x512.jpg 768w, https:\/\/fabis.wordpress.playground.nachtigallenweg.de\/wp-content\/uploads\/2025\/08\/MG_7209_reduziert-1536x1024.jpg 1536w, https:\/\/fabis.wordpress.playground.nachtigallenweg.de\/wp-content\/uploads\/2025\/08\/MG_7209_reduziert-2048x1365.jpg 2048w\" sizes=\"auto, (max-width: 2560px) 100vw, 2560px\" \/><\/figure>\n\n\n\n<div class=\"wp-block-group is-vertical is-content-justification-center is-nowrap is-layout-flex wp-container-core-group-is-layout-d7ec9006 wp-block-group-is-layout-flex\">\n<p class=\"has-text-align-center has-medium-font-size\"><strong>Gudrun Mickerts-Hess<\/strong><\/p>\n\n\n\n<p class=\"has-text-align-center has-medium-font-size\">Vorstandsvorsitzende<\/p>\n<\/div>\n<\/div>\n\n\n\n<div class=\"wp-block-column is-layout-flow wp-block-column-is-layout-flow\">\n<figure class=\"wp-block-image size-full is-style-rounded\"><img loading=\"lazy\" decoding=\"async\" width=\"2560\" height=\"1707\" src=\"https:\/\/fabis.wordpress.playground.nachtigallenweg.de\/wp-content\/uploads\/2025\/08\/MG_7209_reduziert-scaled.jpg\" alt=\"\" class=\"wp-image-159\" style=\"aspect-ratio:1;object-fit:cover\" srcset=\"https:\/\/fabis.wordpress.playground.nachtigallenweg.de\/wp-content\/uploads\/2025\/08\/MG_7209_reduziert-scaled.jpg 2560w, https:\/\/fabis.wordpress.playground.nachtigallenweg.de\/wp-content\/uploads\/2025\/08\/MG_7209_reduziert-300x200.jpg 300w, https:\/\/fabis.wordpress.playground.nachtigallenweg.de\/wp-content\/uploads\/2025\/08\/MG_7209_reduziert-1024x683.jpg 1024w, https:\/\/fabis.wordpress.playground.nachtigallenweg.de\/wp-content\/uploads\/2025\/08\/MG_7209_reduziert-768x512.jpg 768w, https:\/\/fabis.wordpress.playground.nachtigallenweg.de\/wp-content\/uploads\/2025\/08\/MG_7209_reduziert-1536x1024.jpg 1536w, https:\/\/fabis.wordpress.playground.nachtigallenweg.de\/wp-content\/uploads\/2025\/08\/MG_7209_reduziert-2048x1365.jpg 2048w\" sizes=\"auto, (max-width: 2560px) 100vw, 2560px\" \/><\/figure>\n\n\n\n<div class=\"wp-block-group is-vertical is-content-justification-center is-nowrap is-layout-flex wp-container-core-group-is-layout-8aeacad7 wp-block-group-is-layout-flex\">\n<p class=\"has-text-align-center has-medium-font-size\"><strong>Gisela Brendle-Vierke<\/strong><\/p>\n\n\n\n<p class=\"has-text-align-center has-medium-font-size\">Stellvertretende Vorstandsvorsitzende<\/p>\n<\/div>\n\n\n\n<p><\/p>\n<\/div>\n<\/div>\n<\/div><\/div>\n\n\n\n<div class=\"wp-block-group alignfull\" style=\"margin-top:0;margin-bottom:0;padding-top:var(--wp--preset--spacing--50);padding-right:var(--wp--preset--spacing--50);padding-bottom:var(--wp--preset--spacing--50);padding-left:var(--wp--preset--spacing--50)\"><div class=\"wp-block-group__inner-container is-layout-constrained wp-container-core-group-is-layout-2bafd31c wp-block-group-is-layout-constrained\">\n<div style=\"height:var(--wp--preset--spacing--30)\" aria-hidden=\"true\" class=\"wp-block-spacer\"><\/div>\n\n\n\n<div class=\"wp-block-columns alignwide is-layout-flex wp-container-core-columns-is-layout-d8280152 wp-block-columns-is-layout-flex\" style=\"padding-right:0;padding-left:0\">\n<div class=\"wp-block-column is-layout-flow wp-block-column-is-layout-flow\">\n<figure class=\"wp-block-image size-full is-style-rounded\"><img loading=\"lazy\" decoding=\"async\" width=\"2560\" height=\"1707\" src=\"https:\/\/fabis.wordpress.playground.nachtigallenweg.de\/wp-content\/uploads\/2025\/08\/MG_7209_reduziert-scaled.jpg\" alt=\"\" class=\"wp-image-159\" style=\"aspect-ratio:1;object-fit:cover\" srcset=\"https:\/\/fabis.wordpress.playground.nachtigallenweg.de\/wp-content\/uploads\/2025\/08\/MG_7209_reduziert-scaled.jpg 2560w, https:\/\/fabis.wordpress.playground.nachtigallenweg.de\/wp-content\/uploads\/2025\/08\/MG_7209_reduziert-300x200.jpg 300w, https:\/\/fabis.wordpress.playground.nachtigallenweg.de\/wp-content\/uploads\/2025\/08\/MG_7209_reduziert-1024x683.jpg 1024w, https:\/\/fabis.wordpress.playground.nachtigallenweg.de\/wp-content\/uploads\/2025\/08\/MG_7209_reduziert-768x512.jpg 768w, https:\/\/fabis.wordpress.playground.nachtigallenweg.de\/wp-content\/uploads\/2025\/08\/MG_7209_reduziert-1536x1024.jpg 1536w, https:\/\/fabis.wordpress.playground.nachtigallenweg.de\/wp-content\/uploads\/2025\/08\/MG_7209_reduziert-2048x1365.jpg 2048w\" sizes=\"auto, (max-width: 2560px) 100vw, 2560px\" \/><\/figure>\n\n\n\n<div class=\"wp-block-group is-vertical is-content-justification-center is-nowrap is-layout-flex wp-container-core-group-is-layout-8aeacad7 wp-block-group-is-layout-flex\">\n<p class=\"has-text-align-center has-medium-font-size\"><strong>Petra Koske<\/strong><\/p>\n\n\n\n<p class=\"has-text-align-center has-medium-font-size\">1. Schriftf\u00fchrerin<\/p>\n<\/div>\n<\/div>\n\n\n\n<div class=\"wp-block-column is-layout-flow wp-block-column-is-layout-flow\">\n<figure class=\"wp-block-image size-full is-style-rounded\"><img loading=\"lazy\" decoding=\"async\" width=\"2560\" height=\"1707\" src=\"https:\/\/fabis.wordpress.playground.nachtigallenweg.de\/wp-content\/uploads\/2025\/08\/MG_4299b-scaled.jpg\" alt=\"\" class=\"wp-image-70\" style=\"aspect-ratio:1;object-fit:cover\" srcset=\"https:\/\/fabis.wordpress.playground.nachtigallenweg.de\/wp-content\/uploads\/2025\/08\/MG_4299b-scaled.jpg 2560w, https:\/\/fabis.wordpress.playground.nachtigallenweg.de\/wp-content\/uploads\/2025\/08\/MG_4299b-300x200.jpg 300w, https:\/\/fabis.wordpress.playground.nachtigallenweg.de\/wp-content\/uploads\/2025\/08\/MG_4299b-1024x683.jpg 1024w, https:\/\/fabis.wordpress.playground.nachtigallenweg.de\/wp-content\/uploads\/2025\/08\/MG_4299b-768x512.jpg 768w, https:\/\/fabis.wordpress.playground.nachtigallenweg.de\/wp-content\/uploads\/2025\/08\/MG_4299b-1536x1024.jpg 1536w, https:\/\/fabis.wordpress.playground.nachtigallenweg.de\/wp-content\/uploads\/2025\/08\/MG_4299b-2048x1365.jpg 2048w\" sizes=\"auto, (max-width: 2560px) 100vw, 2560px\" \/><\/figure>\n\n\n\n<div class=\"wp-block-group is-vertical is-content-justification-center is-nowrap is-layout-flex wp-container-core-group-is-layout-8aeacad7 wp-block-group-is-layout-flex\">\n<p class=\"has-text-align-center has-medium-font-size\"><strong>Fabiola Erbsl\u00f6h<\/strong><\/p>\n\n\n\n<p class=\"has-text-align-center has-medium-font-size\">Kassiererin<\/p>\n<\/div>\n<\/div>\n\n\n\n<div class=\"wp-block-column is-layout-flow wp-block-column-is-layout-flow\">\n<figure class=\"wp-block-image size-full is-style-rounded\"><img loading=\"lazy\" decoding=\"async\" width=\"2560\" height=\"1707\" src=\"https:\/\/fabis.wordpress.playground.nachtigallenweg.de\/wp-content\/uploads\/2025\/08\/MG_7209_reduziert-scaled.jpg\" alt=\"\" class=\"wp-image-159\" style=\"aspect-ratio:1;object-fit:cover\" srcset=\"https:\/\/fabis.wordpress.playground.nachtigallenweg.de\/wp-content\/uploads\/2025\/08\/MG_7209_reduziert-scaled.jpg 2560w, https:\/\/fabis.wordpress.playground.nachtigallenweg.de\/wp-content\/uploads\/2025\/08\/MG_7209_reduziert-300x200.jpg 300w, https:\/\/fabis.wordpress.playground.nachtigallenweg.de\/wp-content\/uploads\/2025\/08\/MG_7209_reduziert-1024x683.jpg 1024w, https:\/\/fabis.wordpress.playground.nachtigallenweg.de\/wp-content\/uploads\/2025\/08\/MG_7209_reduziert-768x512.jpg 768w, https:\/\/fabis.wordpress.playground.nachtigallenweg.de\/wp-content\/uploads\/2025\/08\/MG_7209_reduziert-1536x1024.jpg 1536w, https:\/\/fabis.wordpress.playground.nachtigallenweg.de\/wp-content\/uploads\/2025\/08\/MG_7209_reduziert-2048x1365.jpg 2048w\" sizes=\"auto, (max-width: 2560px) 100vw, 2560px\" \/><\/figure>\n\n\n\n<div class=\"wp-block-group is-vertical is-content-justification-center is-nowrap is-layout-flex wp-container-core-group-is-layout-8aeacad7 wp-block-group-is-layout-flex\">\n<p class=\"has-text-align-center has-medium-font-size\"><strong>Kirsten Bolle\u00dfen<\/strong><\/p>\n\n\n\n<p class=\"has-text-align-center has-medium-font-size\">2. Kassiererin<\/p>\n<\/div>\n<\/div>\n<\/div>\n<\/div><\/div>\n\n\n\n<div class=\"wp-block-group alignfull\" style=\"margin-top:0;margin-bottom:0;padding-top:var(--wp--preset--spacing--50);padding-right:var(--wp--preset--spacing--50);padding-bottom:var(--wp--preset--spacing--50);padding-left:var(--wp--preset--spacing--50)\"><div class=\"wp-block-group__inner-container is-layout-constrained wp-container-core-group-is-layout-2bafd31c wp-block-group-is-layout-constrained\">\n<div style=\"height:var(--wp--preset--spacing--30)\" aria-hidden=\"true\" class=\"wp-block-spacer\"><\/div>\n\n\n\n<div class=\"wp-block-columns alignwide is-layout-flex wp-container-core-columns-is-layout-d8280152 wp-block-columns-is-layout-flex\" style=\"padding-right:0;padding-left:0\">\n<div class=\"wp-block-column is-layout-flow wp-block-column-is-layout-flow\">\n<figure class=\"wp-block-image size-full is-style-rounded\"><img loading=\"lazy\" decoding=\"async\" width=\"2560\" height=\"1707\" src=\"https:\/\/fabis.wordpress.playground.nachtigallenweg.de\/wp-content\/uploads\/2025\/08\/MG_7209_reduziert-scaled.jpg\" alt=\"\" class=\"wp-image-159\" style=\"aspect-ratio:1;object-fit:cover\" srcset=\"https:\/\/fabis.wordpress.playground.nachtigallenweg.de\/wp-content\/uploads\/2025\/08\/MG_7209_reduziert-scaled.jpg 2560w, https:\/\/fabis.wordpress.playground.nachtigallenweg.de\/wp-content\/uploads\/2025\/08\/MG_7209_reduziert-300x200.jpg 300w, https:\/\/fabis.wordpress.playground.nachtigallenweg.de\/wp-content\/uploads\/2025\/08\/MG_7209_reduziert-1024x683.jpg 1024w, https:\/\/fabis.wordpress.playground.nachtigallenweg.de\/wp-content\/uploads\/2025\/08\/MG_7209_reduziert-768x512.jpg 768w, https:\/\/fabis.wordpress.playground.nachtigallenweg.de\/wp-content\/uploads\/2025\/08\/MG_7209_reduziert-1536x1024.jpg 1536w, https:\/\/fabis.wordpress.playground.nachtigallenweg.de\/wp-content\/uploads\/2025\/08\/MG_7209_reduziert-2048x1365.jpg 2048w\" sizes=\"auto, (max-width: 2560px) 100vw, 2560px\" \/><\/figure>\n\n\n\n<div class=\"wp-block-group is-vertical is-content-justification-center is-nowrap is-layout-flex wp-container-core-group-is-layout-8aeacad7 wp-block-group-is-layout-flex\">\n<p class=\"has-text-align-center has-medium-font-size\"><strong>Bernd Albrecht<\/strong><\/p>\n\n\n\n<p class=\"has-text-align-center has-medium-font-size\">Beisitzer<\/p>\n<\/div>\n<\/div>\n\n\n\n<div class=\"wp-block-column is-layout-flow wp-block-column-is-layout-flow\">\n<figure class=\"wp-block-image size-full is-style-rounded\"><img loading=\"lazy\" decoding=\"async\" width=\"2560\" height=\"1707\" src=\"https:\/\/fabis.wordpress.playground.nachtigallenweg.de\/wp-content\/uploads\/2025\/08\/MG_7209_reduziert-scaled.jpg\" alt=\"\" class=\"wp-image-159\" style=\"aspect-ratio:1;object-fit:cover\" srcset=\"https:\/\/fabis.wordpress.playground.nachtigallenweg.de\/wp-content\/uploads\/2025\/08\/MG_7209_reduziert-scaled.jpg 2560w, https:\/\/fabis.wordpress.playground.nachtigallenweg.de\/wp-content\/uploads\/2025\/08\/MG_7209_reduziert-300x200.jpg 300w, https:\/\/fabis.wordpress.playground.nachtigallenweg.de\/wp-content\/uploads\/2025\/08\/MG_7209_reduziert-1024x683.jpg 1024w, https:\/\/fabis.wordpress.playground.nachtigallenweg.de\/wp-content\/uploads\/2025\/08\/MG_7209_reduziert-768x512.jpg 768w, https:\/\/fabis.wordpress.playground.nachtigallenweg.de\/wp-content\/uploads\/2025\/08\/MG_7209_reduziert-1536x1024.jpg 1536w, https:\/\/fabis.wordpress.playground.nachtigallenweg.de\/wp-content\/uploads\/2025\/08\/MG_7209_reduziert-2048x1365.jpg 2048w\" sizes=\"auto, (max-width: 2560px) 100vw, 2560px\" \/><\/figure>\n\n\n\n<div class=\"wp-block-group is-vertical is-content-justification-center is-nowrap is-layout-flex wp-container-core-group-is-layout-8aeacad7 wp-block-group-is-layout-flex\">\n<p class=\"has-text-align-center has-medium-font-size\"><strong>Kornelia Lochte-Witte<\/strong><\/p>\n\n\n\n<p class=\"has-text-align-center has-medium-font-size\">Beisitzerin<\/p>\n<\/div>\n<\/div>\n\n\n\n<div class=\"wp-block-column is-layout-flow wp-block-column-is-layout-flow\">\n<figure class=\"wp-block-image size-full is-style-rounded\"><img loading=\"lazy\" decoding=\"async\" width=\"2560\" height=\"1707\" src=\"https:\/\/fabis.wordpress.playground.nachtigallenweg.de\/wp-content\/uploads\/2025\/08\/MG_7209_reduziert-scaled.jpg\" alt=\"\" class=\"wp-image-159\" style=\"aspect-ratio:1;object-fit:cover\" srcset=\"https:\/\/fabis.wordpress.playground.nachtigallenweg.de\/wp-content\/uploads\/2025\/08\/MG_7209_reduziert-scaled.jpg 2560w, https:\/\/fabis.wordpress.playground.nachtigallenweg.de\/wp-content\/uploads\/2025\/08\/MG_7209_reduziert-300x200.jpg 300w, https:\/\/fabis.wordpress.playground.nachtigallenweg.de\/wp-content\/uploads\/2025\/08\/MG_7209_reduziert-1024x683.jpg 1024w, https:\/\/fabis.wordpress.playground.nachtigallenweg.de\/wp-content\/uploads\/2025\/08\/MG_7209_reduziert-768x512.jpg 768w, https:\/\/fabis.wordpress.playground.nachtigallenweg.de\/wp-content\/uploads\/2025\/08\/MG_7209_reduziert-1536x1024.jpg 1536w, https:\/\/fabis.wordpress.playground.nachtigallenweg.de\/wp-content\/uploads\/2025\/08\/MG_7209_reduziert-2048x1365.jpg 2048w\" sizes=\"auto, (max-width: 2560px) 100vw, 2560px\" \/><\/figure>\n\n\n\n<div class=\"wp-block-group is-vertical is-content-justification-center is-nowrap is-layout-flex wp-container-core-group-is-layout-8aeacad7 wp-block-group-is-layout-flex\">\n<p class=\"has-text-align-center has-medium-font-size\"><strong>Carola Puvogel<\/strong><\/p>\n\n\n\n<p class=\"has-text-align-center has-medium-font-size\">Beisitzerin<\/p>\n<\/div>\n<\/div>\n<\/div>\n<\/div><\/div>\n\n\n\n<div class=\"wp-block-group alignfull\" style=\"margin-top:0;margin-bottom:0;padding-top:var(--wp--preset--spacing--50);padding-right:var(--wp--preset--spacing--50);padding-bottom:var(--wp--preset--spacing--50);padding-left:var(--wp--preset--spacing--50)\"><div class=\"wp-block-group__inner-container is-layout-constrained wp-container-core-group-is-layout-2bafd31c wp-block-group-is-layout-constrained\">\n<div style=\"height:var(--wp--preset--spacing--30)\" aria-hidden=\"true\" class=\"wp-block-spacer\"><\/div>\n\n\n\n<div class=\"wp-block-columns alignwide is-layout-flex wp-container-core-columns-is-layout-d8280152 wp-block-columns-is-layout-flex\" style=\"padding-right:0;padding-left:0\">\n<div class=\"wp-block-column is-layout-flow wp-block-column-is-layout-flow\">\n<figure class=\"wp-block-image size-full is-style-rounded\"><img loading=\"lazy\" decoding=\"async\" width=\"2560\" height=\"1707\" src=\"https:\/\/fabis.wordpress.playground.nachtigallenweg.de\/wp-content\/uploads\/2025\/08\/MG_7209_reduziert-scaled.jpg\" alt=\"\" class=\"wp-image-159\" style=\"aspect-ratio:1;object-fit:cover\" srcset=\"https:\/\/fabis.wordpress.playground.nachtigallenweg.de\/wp-content\/uploads\/2025\/08\/MG_7209_reduziert-scaled.jpg 2560w, https:\/\/fabis.wordpress.playground.nachtigallenweg.de\/wp-content\/uploads\/2025\/08\/MG_7209_reduziert-300x200.jpg 300w, https:\/\/fabis.wordpress.playground.nachtigallenweg.de\/wp-content\/uploads\/2025\/08\/MG_7209_reduziert-1024x683.jpg 1024w, https:\/\/fabis.wordpress.playground.nachtigallenweg.de\/wp-content\/uploads\/2025\/08\/MG_7209_reduziert-768x512.jpg 768w, https:\/\/fabis.wordpress.playground.nachtigallenweg.de\/wp-content\/uploads\/2025\/08\/MG_7209_reduziert-1536x1024.jpg 1536w, https:\/\/fabis.wordpress.playground.nachtigallenweg.de\/wp-content\/uploads\/2025\/08\/MG_7209_reduziert-2048x1365.jpg 2048w\" sizes=\"auto, (max-width: 2560px) 100vw, 2560px\" \/><\/figure>\n\n\n\n<div class=\"wp-block-group is-vertical is-content-justification-center is-nowrap is-layout-flex wp-container-core-group-is-layout-8aeacad7 wp-block-group-is-layout-flex\">\n<p class=\"has-text-align-center has-medium-font-size\"><strong>Iris Lepkes<\/strong><\/p>\n\n\n\n<p class=\"has-text-align-center has-medium-font-size\">Beisitzerin<\/p>\n<\/div>\n<\/div>\n\n\n\n<div class=\"wp-block-column is-layout-flow wp-block-column-is-layout-flow\">\n<figure class=\"wp-block-image size-full is-style-rounded\"><img loading=\"lazy\" decoding=\"async\" width=\"2560\" height=\"1707\" src=\"https:\/\/fabis.wordpress.playground.nachtigallenweg.de\/wp-content\/uploads\/2025\/08\/MG_7209_reduziert-scaled.jpg\" alt=\"\" class=\"wp-image-159\" style=\"aspect-ratio:1;object-fit:cover\" srcset=\"https:\/\/fabis.wordpress.playground.nachtigallenweg.de\/wp-content\/uploads\/2025\/08\/MG_7209_reduziert-scaled.jpg 2560w, https:\/\/fabis.wordpress.playground.nachtigallenweg.de\/wp-content\/uploads\/2025\/08\/MG_7209_reduziert-300x200.jpg 300w, https:\/\/fabis.wordpress.playground.nachtigallenweg.de\/wp-content\/uploads\/2025\/08\/MG_7209_reduziert-1024x683.jpg 1024w, https:\/\/fabis.wordpress.playground.nachtigallenweg.de\/wp-content\/uploads\/2025\/08\/MG_7209_reduziert-768x512.jpg 768w, https:\/\/fabis.wordpress.playground.nachtigallenweg.de\/wp-content\/uploads\/2025\/08\/MG_7209_reduziert-1536x1024.jpg 1536w, https:\/\/fabis.wordpress.playground.nachtigallenweg.de\/wp-content\/uploads\/2025\/08\/MG_7209_reduziert-2048x1365.jpg 2048w\" sizes=\"auto, (max-width: 2560px) 100vw, 2560px\" \/><\/figure>\n\n\n\n<div class=\"wp-block-group is-vertical is-content-justification-center is-nowrap is-layout-flex wp-container-core-group-is-layout-8aeacad7 wp-block-group-is-layout-flex\">\n<p class=\"has-text-align-center has-medium-font-size\"><strong>Christian Pasch<\/strong><\/p>\n\n\n\n<p class=\"has-text-align-center has-medium-font-size\">Beisitzer<\/p>\n<\/div>\n<\/div>\n\n\n\n<div class=\"wp-block-column is-layout-flow wp-block-column-is-layout-flow\">\n<figure class=\"wp-block-image size-full is-style-rounded\"><img loading=\"lazy\" decoding=\"async\" width=\"2560\" height=\"1707\" src=\"https:\/\/fabis.wordpress.playground.nachtigallenweg.de\/wp-content\/uploads\/2025\/08\/MG_7209_reduziert-scaled.jpg\" alt=\"\" class=\"wp-image-159\" style=\"aspect-ratio:1;object-fit:cover\" srcset=\"https:\/\/fabis.wordpress.playground.nachtigallenweg.de\/wp-content\/uploads\/2025\/08\/MG_7209_reduziert-scaled.jpg 2560w, https:\/\/fabis.wordpress.playground.nachtigallenweg.de\/wp-content\/uploads\/2025\/08\/MG_7209_reduziert-300x200.jpg 300w, https:\/\/fabis.wordpress.playground.nachtigallenweg.de\/wp-content\/uploads\/2025\/08\/MG_7209_reduziert-1024x683.jpg 1024w, https:\/\/fabis.wordpress.playground.nachtigallenweg.de\/wp-content\/uploads\/2025\/08\/MG_7209_reduziert-768x512.jpg 768w, https:\/\/fabis.wordpress.playground.nachtigallenweg.de\/wp-content\/uploads\/2025\/08\/MG_7209_reduziert-1536x1024.jpg 1536w, https:\/\/fabis.wordpress.playground.nachtigallenweg.de\/wp-content\/uploads\/2025\/08\/MG_7209_reduziert-2048x1365.jpg 2048w\" sizes=\"auto, (max-width: 2560px) 100vw, 2560px\" \/><\/figure>\n\n\n\n<div class=\"wp-block-group is-vertical is-content-justification-center is-nowrap is-layout-flex wp-container-core-group-is-layout-d7ec9006 wp-block-group-is-layout-flex\">\n<p class=\"has-text-align-center has-medium-font-size\"><strong>Marita D\u00f6rper<\/strong><\/p>\n\n\n\n<p class=\"has-text-align-center has-medium-font-size\">Beisitzerin<\/p>\n<\/div>\n<\/div>\n<\/div>\n<\/div><\/div>\n\n\n\n<p><\/p>\n","protected":false},"excerpt":{"rendered":"<p>Gudrun Mickerts-Hess Vorstandsvorsitzende Gisela Brendle-Vierke Stellvertretende Vorstandsvorsitzende Petra Koske 1. Schriftf\u00fchrerin Fabiola Erbsl\u00f6h Kassiererin Kirsten Bolle\u00dfen 2. Kassiererin Bernd Albrecht Beisitzer Kornelia Lochte-Witte Beisitzerin Carola Puvogel Beisitzerin Iris Lepkes Beisitzerin Christian Pasch Beisitzer Marita D\u00f6rper Beisitzerin<\/p>\n","protected":false},"author":1,"featured_media":0,"parent":0,"menu_order":0,"comment_status":"closed","ping_status":"closed","template":"","meta":{"footnotes":""},"class_list":["post-34","page","type-page","status-publish","hentry","entry"],"_links":{"self":[{"href":"https:\/\/fabis.wordpress.playground.nachtigallenweg.de\/index.php?rest_route=\/wp\/v2\/pages\/34","targetHints":{"allow":["GET"]}}],"collection":[{"href":"https:\/\/fabis.wordpress.playground.nachtigallenweg.de\/index.php?rest_route=\/wp\/v2\/pages"}],"about":[{"href":"https:\/\/fabis.wordpress.playground.nachtigallenweg.de\/index.php?rest_route=\/wp\/v2\/types\/page"}],"author":[{"embeddable":true,"href":"https:\/\/fabis.wordpress.playground.nachtigallenweg.de\/index.php?rest_route=\/wp\/v2\/users\/1"}],"replies":[{"embeddable":true,"href":"https:\/\/fabis.wordpress.playground.nachtigallenweg.de\/index.php?rest_route=%2Fwp%2Fv2%2Fcomments&post=34"}],"version-history":[{"count":5,"href":"https:\/\/fabis.wordpress.playground.nachtigallenweg.de\/index.php?rest_route=\/wp\/v2\/pages\/34\/revisions"}],"predecessor-version":[{"id":205,"href":"https:\/\/fabis.wordpress.playground.nachtigallenweg.de\/index.php?rest_route=\/wp\/v2\/pages\/34\/revisions\/205"}],"wp:attachment":[{"href":"https:\/\/fabis.wordpress.playground.nachtigallenweg.de\/index.php?rest_route=%2Fwp%2Fv2%2Fmedia&parent=34"}],"curies":[{"name":"wp","href":"https:\/\/api.w.org\/{rel}","templated":true}]}}