{"id":19,"date":"2025-07-23T20:48:01","date_gmt":"2025-07-23T18:48:01","guid":{"rendered":"https:\/\/fabis.wordpress.playground.nachtigallenweg.de\/?page_id=19"},"modified":"2025-08-09T21:35:07","modified_gmt":"2025-08-09T19:35:07","slug":"home","status":"publish","type":"page","link":"https:\/\/fabis.wordpress.playground.nachtigallenweg.de\/","title":{"rendered":"Home"},"content":{"rendered":"<h1 class=\"wp-block-post-title\">Home<\/h1>\n\n\n<div class=\"wp-block-cover alignfull is-light wp-duotone-unset-1\" style=\"min-height:151px;aspect-ratio:unset;\"><img loading=\"lazy\" decoding=\"async\" width=\"1024\" height=\"682\" class=\"wp-block-cover__image-background wp-image-192 size-large\" alt=\"\" src=\"https:\/\/fabis.wordpress.playground.nachtigallenweg.de\/wp-content\/uploads\/2025\/08\/IMG_0245_red-1024x682.jpg\" data-object-fit=\"cover\" srcset=\"https:\/\/fabis.wordpress.playground.nachtigallenweg.de\/wp-content\/uploads\/2025\/08\/IMG_0245_red-1024x682.jpg 1024w, https:\/\/fabis.wordpress.playground.nachtigallenweg.de\/wp-content\/uploads\/2025\/08\/IMG_0245_red-300x200.jpg 300w, https:\/\/fabis.wordpress.playground.nachtigallenweg.de\/wp-content\/uploads\/2025\/08\/IMG_0245_red-768x512.jpg 768w, https:\/\/fabis.wordpress.playground.nachtigallenweg.de\/wp-content\/uploads\/2025\/08\/IMG_0245_red-1536x1024.jpg 1536w, https:\/\/fabis.wordpress.playground.nachtigallenweg.de\/wp-content\/uploads\/2025\/08\/IMG_0245_red.jpg 2000w\" sizes=\"auto, (max-width: 1024px) 100vw, 1024px\" \/><span aria-hidden=\"true\" class=\"wp-block-cover__background has-background-dim-60 has-background-dim\" style=\"background-color:#99a776\"><\/span><div class=\"wp-block-cover__inner-container is-layout-constrained wp-block-cover-is-layout-constrained\">\n<p class=\"has-text-align-center has-white-color has-text-color has-link-color has-large-font-size wp-elements-51c885ba7238778942205bf0d2a704e5\">Willkommen!<\/p>\n<\/div><\/div>\n\n\n\n<p><\/p>\n\n\n\n<h2 class=\"wp-block-heading\">Herzlich Willkommen beim B\u00fcrgerverein Lehmheide!<\/h2>\n\n\n\n<p class=\"has-system-sans-serif-font-family\">Wir als B\u00fcrgerverein sehen unseren Zweck in der F\u00f6rderung der B\u00fcrgerbelange in unserem Bezirk. Wir verstehen uns als Gemeinschaft der B\u00fcrgerinnen und B\u00fcrger mit einer starken Stimme in der \u00d6ffentlichkeit.<\/p>\n\n\n\n<p class=\"has-system-sans-serif-font-family\">Der B\u00fcrgerverein engagiert sich des weiteren in den Themen Umwelt, Landschafts- und Denkmalschutz ebenso wie im kulturellen Bereich.<\/p>\n\n\n\n<p class=\"has-system-sans-serif-font-family\">Es gr\u00fc\u00dft Sie herzlichst<\/p>\n\n\n\n<p class=\"has-system-sans-serif-font-family\"><strong>Gudrun Mickerts-Hess<\/strong><\/p>\n\n\n\n<p class=\"has-system-sans-serif-font-family\">Vorsitzende<\/p>\n\n\n\n<h2 class=\"wp-block-heading\">Kommende Highlights<\/h2>\n\n\n\n<figure class=\"wp-block-gallery has-nested-images columns-default is-cropped wp-block-gallery-2 is-layout-flex wp-block-gallery-is-layout-flex\">\n<figure class=\"wp-block-image size-large\"><a href=\"https:\/\/fabis.wordpress.playground.nachtigallenweg.de\/?p=65\"><img loading=\"lazy\" decoding=\"async\" width=\"596\" height=\"396\" data-id=\"52\" src=\"https:\/\/fabis.wordpress.playground.nachtigallenweg.de\/wp-content\/uploads\/2025\/08\/St.Martin.jpg\" alt=\"\" class=\"wp-image-52\" srcset=\"https:\/\/fabis.wordpress.playground.nachtigallenweg.de\/wp-content\/uploads\/2025\/08\/St.Martin.jpg 596w, https:\/\/fabis.wordpress.playground.nachtigallenweg.de\/wp-content\/uploads\/2025\/08\/St.Martin-300x199.jpg 300w\" sizes=\"auto, (max-width: 596px) 100vw, 596px\" \/><\/a><figcaption class=\"wp-element-caption\">St. Martin 2025<\/figcaption><\/figure>\n\n\n\n<figure class=\"wp-block-image size-large\"><img loading=\"lazy\" decoding=\"async\" width=\"535\" height=\"714\" data-id=\"53\" src=\"https:\/\/fabis.wordpress.playground.nachtigallenweg.de\/wp-content\/uploads\/2025\/08\/Bild_Banner_BV.jpg\" alt=\"\" class=\"wp-image-53\" srcset=\"https:\/\/fabis.wordpress.playground.nachtigallenweg.de\/wp-content\/uploads\/2025\/08\/Bild_Banner_BV.jpg 535w, https:\/\/fabis.wordpress.playground.nachtigallenweg.de\/wp-content\/uploads\/2025\/08\/Bild_Banner_BV-225x300.jpg 225w\" sizes=\"auto, (max-width: 535px) 100vw, 535px\" \/><figcaption class=\"wp-element-caption\">Adventstreff 2025<\/figcaption><\/figure>\n\n\n\n<figure class=\"wp-block-image size-large\"><img loading=\"lazy\" decoding=\"async\" width=\"535\" height=\"714\" data-id=\"75\" src=\"https:\/\/fabis.wordpress.playground.nachtigallenweg.de\/wp-content\/uploads\/2025\/08\/Bild_Banner_BV-1.jpg\" alt=\"\" class=\"wp-image-75\" srcset=\"https:\/\/fabis.wordpress.playground.nachtigallenweg.de\/wp-content\/uploads\/2025\/08\/Bild_Banner_BV-1.jpg 535w, https:\/\/fabis.wordpress.playground.nachtigallenweg.de\/wp-content\/uploads\/2025\/08\/Bild_Banner_BV-1-225x300.jpg 225w\" sizes=\"auto, (max-width: 535px) 100vw, 535px\" \/><figcaption class=\"wp-element-caption\">Neujahrstreff 2026<\/figcaption><\/figure>\n<\/figure>\n\n\n\n<p><\/p>\n","protected":false},"excerpt":{"rendered":"<p>Herzlich Willkommen beim B\u00fcrgerverein Lehmheide! Wir als B\u00fcrgerverein sehen unseren Zweck in der F\u00f6rderung der B\u00fcrgerbelange in unserem Bezirk. Wir verstehen uns als Gemeinschaft der B\u00fcrgerinnen und B\u00fcrger mit einer starken Stimme in der \u00d6ffentlichkeit. Der B\u00fcrgerverein engagiert sich des weiteren in den Themen Umwelt, Landschafts- und Denkmalschutz ebenso wie im kulturellen Bereich. Es gr\u00fc\u00dft [&hellip;]<\/p>\n","protected":false},"author":1,"featured_media":0,"parent":0,"menu_order":0,"comment_status":"closed","ping_status":"closed","template":"","meta":{"footnotes":""},"class_list":["post-19","page","type-page","status-publish","hentry","entry"],"_links":{"self":[{"href":"https:\/\/fabis.wordpress.playground.nachtigallenweg.de\/index.php?rest_route=\/wp\/v2\/pages\/19","targetHints":{"allow":["GET"]}}],"collection":[{"href":"https:\/\/fabis.wordpress.playground.nachtigallenweg.de\/index.php?rest_route=\/wp\/v2\/pages"}],"about":[{"href":"https:\/\/fabis.wordpress.playground.nachtigallenweg.de\/index.php?rest_route=\/wp\/v2\/types\/page"}],"author":[{"embeddable":true,"href":"https:\/\/fabis.wordpress.playground.nachtigallenweg.de\/index.php?rest_route=\/wp\/v2\/users\/1"}],"replies":[{"embeddable":true,"href":"https:\/\/fabis.wordpress.playground.nachtigallenweg.de\/index.php?rest_route=%2Fwp%2Fv2%2Fcomments&post=19"}],"version-history":[{"count":5,"href":"https:\/\/fabis.wordpress.playground.nachtigallenweg.de\/index.php?rest_route=\/wp\/v2\/pages\/19\/revisions"}],"predecessor-version":[{"id":202,"href":"https:\/\/fabis.wordpress.playground.nachtigallenweg.de\/index.php?rest_route=\/wp\/v2\/pages\/19\/revisions\/202"}],"wp:attachment":[{"href":"https:\/\/fabis.wordpress.playground.nachtigallenweg.de\/index.php?rest_route=%2Fwp%2Fv2%2Fmedia&parent=19"}],"curies":[{"name":"wp","href":"https:\/\/api.w.org\/{rel}","templated":true}]}}